{"id":10883,"date":"2014-10-11T14:58:50","date_gmt":"2014-10-11T14:58:50","guid":{"rendered":"https:\/\/avada.theme-fusion.com_demos\/portfolio\/?page_id=10883"},"modified":"2023-06-26T22:24:39","modified_gmt":"2023-06-26T20:24:39","slug":"about-us","status":"publish","type":"page","link":"https:\/\/www.cinalli.fr\/index.php\/about-us\/","title":{"rendered":"About Us"},"content":{"rendered":"<div class=\"fusion-fullwidth fullwidth-box fusion-builder-row-1 fusion-flex-container nonhundred-percent-fullwidth non-hundred-percent-height-scrolling\" style=\"background-color: rgba(255,255,255,0);background-position: center center;background-repeat: no-repeat;border-width: 0px 0px 0px 0px;border-color:#eae9e9;border-style:solid;\" ><div class=\"fusion-builder-row fusion-row fusion-flex-align-items-flex-start\" style=\"max-width:1216.8px;margin-left: calc(-4% \/ 2 );margin-right: calc(-4% \/ 2 );\"><div class=\"fusion-layout-column fusion_builder_column fusion-builder-column-0 fusion_builder_column_1_1 1_1 fusion-flex-column\"><div class=\"fusion-column-wrapper fusion-flex-justify-content-flex-start fusion-content-layout-column\" style=\"background-position:left top;background-repeat:no-repeat;-webkit-background-size:cover;-moz-background-size:cover;-o-background-size:cover;background-size:cover;padding: 0px 0px 0px 0px;\"><div class=\"fusion-text fusion-text-1\"><h4><strong>Natalia Cinalli<\/strong><\/h4>\n<h4>\n<p><span style=\"color: var(--h4_typography-color); font-family: var(--h4_typography-font-family); font-size: var(--h4_typography-font-size); font-style: var(--h4_typography-font-style,normal); font-weight: var(--h4_typography-font-weight); letter-spacing: var(--h4_typography-letter-spacing); background-color: rgba(255, 255, 255, 0);\">Artiste sculpteur dipl\u00f4m\u00e9e de l\u2019Ecole des Beaux-arts de Buenos Aires en Argentine.<\/span><\/p>\n<p>A l\u2019issue de son dipl\u00f4me elle ouvre d\u2019embl\u00e9e un atelier de sculpture \u00e0 Buenos Aires, avant de venir s\u2019installer en France. Son premier atelier fran\u00e7ais ouvre \u00e0 Hestroff en 2004 et propose des cours pour enfants et adultes ;  c&rsquo;est aussi un lieu pour ses cr\u00e9ations personnelles. En parall\u00e8le en 2007 elle ouvre des cours d&rsquo;arts plastiques pour enfants \u00e0 l\u2019association Loisirs et Culture de Montigny-l\u00e8s-Metz. <\/p>\n<p>Depuis 2012 jusqu&rsquo;\u00e0 aujourd&rsquo;hui elle  anime des ateliers de cr\u00e9ation artistique pour enfants et de sculpture pour adultes dans le cadre de Loisirs et Culture de Montigny l\u00e8s Metz. <\/p>\n<p>Elle est pr\u00e9sente dans de nombreux lieux culturels o\u00f9 elle expose ses cr\u00e9ations personnelles ; elle travaille \u00e9galement sur commande. <\/p>\n<p>Elle est aussi restauratrice d&rsquo; \u0153uvres d\u2019art. R\u00e9f\u00e9renc\u00e9e dans la restauration des sculptures eccl\u00e9siastiques et la cr\u00e9ation d&rsquo;\u0153uvres sacr\u00e9es (Ars et Corny sur Moselle, Metz Valli\u00e8res, Montigny-l\u00e8s-Metz, Bouzonville, Freistroff\u2026)<\/p>\n<p>Son atelier rassemble des passionn\u00e9s de tous \u00e2ges et de toutes formations et niveaux.<\/p>\n<p>Il regroupe dans un travail hebdomadaire aussi bien des d\u00e9butants que des amateurs \u00e9clair\u00e9s et permet de travailler diff\u00e9rents mat\u00e9riaux, pierre, argile&#8230; ainsi que diverses techniques :  \u00e9maillage, patines, engobe etc.<\/p>\n<p>Natalia Cinalli est \u00e9galement intervenante d&rsquo;art plastique pour des projets artistiques pour diff\u00e9rentes \u00e9coles depuis 2007 jusqu&rsquo;\u00e0 aujourd&rsquo;hui.<\/p>\n<p>Membre de la Maison des Artistes depuis 2004.<\/p>\n<p>R\u00e9f\u00e9renc\u00e9 dans le M\u00e9tiers d&rsquo;art de Grand Est<\/p>\n<\/h4>\n<p data-fusion-font=\"true\">\n<table style=\"height: 34px;\" width=\"242\">\n<tbody>\n<tr>\n<td colspan=\"4\" width=\"395\"> <\/td>\n<td width=\"231\">\n<p><strong>\u00ab CURRICULUM VITAE &#8211; NATALIA CINALLI<\/strong><\/p>\n<p>24 rue Bellevue 57950 Montigny-l\u00e8s-Metz<br \/>Tel : 03 87 78 24 06 \/ 06 66 49 54 11<\/p>\n<p>E-mail : <a href=\"mailto:ncinalli@hotmail.com\">ncinalli@hotmail.com<\/a>  &#8211; <br \/>Site Internet : https:\/\/www.cinalli.fr <\/p>\n<\/p>\n<p><strong>\u00c9TUDES<\/strong><\/p>\n<\/p>\n<p>1994- 1998       Dipl\u00f4me National de Professeur de Sculpture \u00c9cole des Beaux-Arts <br \/>Prilidiano Pueyrredon,Buenos Aires, Argentina<\/p>\n<table>\n<tbody>\n<tr>\n<td width=\"75\">\n<p>1999<\/p>\n<\/td>\n<td width=\"333\">\n<p>S\u00e9minaire de r\u00e9alisation sc\u00e9nographique<\/p>\n<\/td>\n<td width=\"181\">\n<p>Buenos Aires, Argentine<\/p>\n<\/td>\n<\/tr>\n<tr>\n<td width=\"75\">\n<\/td>\n<td width=\"333\">\n<p>Th\u00e9\u00e2tre Colon<\/p>\n<\/td>\n<td width=\"181\">\n<\/td>\n<\/tr>\n<tr>\n<td width=\"75\">\n<p>1998-1997<\/p>\n<\/td>\n<td width=\"333\">\n<p>Formation pour \u00eatre guide de mus\u00e9e<\/p>\n<\/td>\n<td width=\"181\">\n<p> Buenos Aires, Argentine<\/p>\n<\/td>\n<\/tr>\n<tr>\n<td width=\"75\">\n<\/td>\n<td width=\"333\">\n<p>Centre Culturel Borges<\/p>\n<\/td>\n<td width=\"181\">\n<\/td>\n<\/tr>\n<tr>\n<td width=\"75\">\n<p>1997-2000<\/p>\n<\/td>\n<td width=\"333\">\n<p>Obtention de bourse d&rsquo;\u00e9tude ouvrant droit<\/p>\n<\/td>\n<td width=\"181\">\n<p>Buenos Aires, Argentine<\/p>\n<\/td>\n<\/tr>\n<tr>\n<td width=\"75\">\n<\/td>\n<td width=\"333\">\n<p>\u00e0 une formation avec les sculpteurs : Leo Vinci et<\/p>\n<\/td>\n<td width=\"181\">\n<\/td>\n<\/tr>\n<tr>\n<td width=\"75\">\n<\/td>\n<td width=\"333\">\n<p>Edgardo Madanes.<\/p>\n<\/td>\n<td width=\"181\">\n<\/td>\n<\/tr>\n<tr>\n<td width=\"75\">\n<p>2001<\/p>\n<\/td>\n<td width=\"333\">\n<p>Stage de sculpture sur marbre<\/p>\n<\/td>\n<td width=\"181\">\n<p>Carrare, Italie<\/p>\n<\/td>\n<\/tr>\n<\/tbody>\n<\/table>\n<p>Membre de la Maison des Artistes depuis 2003<\/p>\n<\/p>\n<p><strong>EXPERIENCE PROFESSIONNELLE<\/strong><\/p>\n<table>\n<tbody>\n<tr>\n<td width=\"58\">\n<p>2004-2011<\/p>\n<\/td>\n<td width=\"517\">\n<p>Cr\u00e9ation d\u2019un Atelier d\u2019Art priv\u00e9 \u00e0 Hestroff (Moselle)<\/p>\n<\/td>\n<\/tr>\n<tr>\n<td width=\"58\">\n<\/td>\n<td width=\"517\">\n<p>Cours \u00e0 des particuliers et r\u00e9alisations personnelles<\/p>\n<\/td>\n<\/tr>\n<tr>\n<td width=\"58\">\n<p>2006-2023<\/p>\n<\/td>\n<td width=\"517\">\n<p>Atelier sculpture pour les enfants au Loisirs et Culture, Montigny-l\u00e8s-Metz<\/p>\n<\/td>\n<\/tr>\n<tr>\n<td width=\"58\">\n<p>2010 <\/p>\n<\/td>\n<td width=\"517\">\n<p>Sculpture en pierre de taille (Jaumont) pour la fontaine d\u2019Hestroff<\/p>\n<\/td>\n<\/tr>\n<tr>\n<td width=\"58\">\n<p>2013<\/p>\n<\/p>\n<\/td>\n<td width=\"517\">\n<\/td>\n<\/tr>\n<tr>\n<td width=\"58\">\n<\/td>\n<td width=\"517\">\n<p>Intervention dans les cr\u00e8ches de Montigny-l\u00e8s-Metz, (ass.gest.haltes) jusqu&rsquo;\u00e0 aujourd&rsquo;hui. <br \/>Atelier modelage : 2 \u00e0 3 ans.  <\/p>\n<\/td>\n<\/tr>\n<\/tbody>\n<\/table>\n<p>2012 &#8211; 2023 Cr\u00e9ation d\u2019un nouvel atelier d\u2019Art au LEC (Loisirs et Cultures Montigny-l\u00e8s-Metz)<\/p>\n<p>                    Cours pour enfants et adultes, en continuit\u00e9 aujourd\u2019hui.<\/p>\n<\/p>\n<p><b>Exp\u00e9rience comme intervenante d&rsquo;art plastiques depuis 2007 . Education National DRAC <a href=\"https:\/\/www.cinalli.fr\/index.php\/projets-decoles\/\" style=\"color: rgb(70, 93, 226);\">cliquer ici<\/a><\/b><\/p>\n<p><strong> <\/strong><\/p>\n<\/p>\n<p><strong>AUTRES REFERENCES PROFESSIONNELLE<\/strong><\/p>\n<table width=\"680\">\n<tbody>\n<tr>\n<td width=\"95\">\n<p>2009<\/p>\n<\/td>\n<td width=\"380\">\n<p>Frimetz \u00ab La guitare \u00bb<\/p>\n<\/td>\n<td width=\"205\">\n<p>Trinitaire Metz<\/p>\n<\/td>\n<\/tr>\n<tr>\n<td width=\"95\">\n<\/td>\n<td width=\"380\">\n<p>Atelier pour les enfants et participation \u00e0 l&rsquo;exposition<\/p>\n<\/td>\n<td width=\"205\">\n<\/td>\n<\/tr>\n<tr>\n<td colspan=\"2\" width=\"475\">\n<p>2006 &#8211; 20008     Responsable de stage \u00ab d\u00e9couverte de la terre \u00bb<\/p>\n<\/td>\n<td width=\"205\">\n<p>CATTP Metz-Thionville<\/p>\n<\/td>\n<\/tr>\n<tr>\n<td width=\"95\">\n<\/td>\n<td width=\"380\">\n<\/td>\n<td width=\"205\">\n<p>Centre Hospitalier R\u00e9gional<\/p>\n<\/td>\n<\/tr>\n<tr>\n<td colspan=\"2\" width=\"475\">\n<p>2005 &#8211; 2006      Atelier \u00ab terre \u00bb pendant 1 ann\u00e9e<\/p>\n<\/td>\n<td width=\"205\">\n<p>Centre Hospitalier R\u00e9gional<\/p>\n<\/td>\n<\/tr>\n<tr>\n<td width=\"95\">\n<\/td>\n<td width=\"380\">\n<p>  Responsable de stage<\/p>\n<\/td>\n<td width=\"205\">\n<p>Hayange<\/p>\n<\/td>\n<\/tr>\n<tr>\n<td width=\"95\">\n<p>2006 &#8211; 2022<\/p>\n<\/td>\n<td width=\"380\">\n<p>Atelier gravure pour enfant<\/p>\n<\/td>\n<td width=\"205\">\n<p>Mus\u00e9e Cl\u00e9ment Kieffer<\/p>\n<\/td>\n<\/tr>\n<tr>\n<td width=\"95\">\n<\/td>\n<td width=\"380\">\n<p><u> <\/u><\/p>\n<\/td>\n<td width=\"205\">\n<p>Varize<\/p>\n<\/td>\n<\/tr>\n<\/tbody>\n<\/table>\n<p>2009 \u2013 2020         Atelier art plastique                                                                                        CATP Varize<\/p>\n<\/p>\n<p><strong>LANGUES PARL\u00c9ES :  <\/strong>Espagnol : langue maternelle<strong>, <\/strong>Fran\u00e7ais : courant<strong>, <\/strong>Italien et anglais : bonnes notions<\/p>\n<\/td>\n<td width=\"1\"> <\/td>\n<\/tr>\n<\/tbody>\n<\/table>\n<\/div><\/div><style type=\"text\/css\">.fusion-body .fusion-builder-column-0{width:100% !important;margin-top : 0px;margin-bottom : 20px;}.fusion-builder-column-0 > .fusion-column-wrapper {padding-top : 0px !important;padding-right : 0px !important;margin-right : 1.92%;padding-bottom : 0px !important;padding-left : 0px !important;margin-left : 1.92%;}@media only screen and (max-width:1024px) {.fusion-body .fusion-builder-column-0{width:100% !important;order : 0;}.fusion-builder-column-0 > .fusion-column-wrapper {margin-right : 1.92%;margin-left : 1.92%;}}@media only screen and (max-width:640px) {.fusion-body .fusion-builder-column-0{width:100% !important;order : 0;}.fusion-builder-column-0 > .fusion-column-wrapper {margin-right : 1.92%;margin-left : 1.92%;}}<\/style><\/div><\/div><style type=\"text\/css\">.fusion-body .fusion-flex-container.fusion-builder-row-1{ padding-top : 0px;margin-top : 0px;padding-right : 0px;padding-bottom : 0px;margin-bottom : 0px;padding-left : 0px;}<\/style><\/div>\n","protected":false},"excerpt":{"rendered":"","protected":false},"author":1,"featured_media":0,"parent":0,"menu_order":0,"comment_status":"open","ping_status":"open","template":"100-width.php","meta":{"footnotes":""},"class_list":["post-10883","page","type-page","status-publish","hentry"],"_links":{"self":[{"href":"https:\/\/www.cinalli.fr\/index.php\/wp-json\/wp\/v2\/pages\/10883","targetHints":{"allow":["GET"]}}],"collection":[{"href":"https:\/\/www.cinalli.fr\/index.php\/wp-json\/wp\/v2\/pages"}],"about":[{"href":"https:\/\/www.cinalli.fr\/index.php\/wp-json\/wp\/v2\/types\/page"}],"author":[{"embeddable":true,"href":"https:\/\/www.cinalli.fr\/index.php\/wp-json\/wp\/v2\/users\/1"}],"replies":[{"embeddable":true,"href":"https:\/\/www.cinalli.fr\/index.php\/wp-json\/wp\/v2\/comments?post=10883"}],"version-history":[{"count":19,"href":"https:\/\/www.cinalli.fr\/index.php\/wp-json\/wp\/v2\/pages\/10883\/revisions"}],"predecessor-version":[{"id":13739,"href":"https:\/\/www.cinalli.fr\/index.php\/wp-json\/wp\/v2\/pages\/10883\/revisions\/13739"}],"wp:attachment":[{"href":"https:\/\/www.cinalli.fr\/index.php\/wp-json\/wp\/v2\/media?parent=10883"}],"curies":[{"name":"wp","href":"https:\/\/api.w.org\/{rel}","templated":true}]}}